{"id":188,"date":"2021-05-29T17:16:30","date_gmt":"2021-05-29T15:16:30","guid":{"rendered":"http:\/\/bozenawroblewska.pl\/index.php\/mesmerize\/"},"modified":"2024-06-05T10:56:17","modified_gmt":"2024-06-05T08:56:17","slug":"mesmerize","status":"publish","type":"page","link":"https:\/\/bozenawroblewska.pl\/","title":{"rendered":"Front Page"},"content":{"rendered":"<div  class=\"wp-block-image\">\n<figure  class=\"aligncenter size-full\"><a href=\"https:\/\/bozenawroblewska.pl\/index.php\/platforma-edukacyjna\" target=\"_blank\" rel=\"noopener\"><img loading=\"lazy\" loading=\"lazy\"  decoding=\"async\" class=\"wp-image-442 aligncenter\" title=\"cropped-logo-UE-NAPIS.jpg\" src=\"https:\/\/bozenawroblewska.pl\/wp-content\/uploads\/2022\/07\/cropped-logo-UE-NAPIS.jpg\" sizes=\"(max-width: 929px) 100vw, 929px\" alt=\"\" width=\"321\" height=\"215\"><\/a>\n<figcaption ><\/figcaption><\/figure>\n<\/div><div  id=\"liczby\" class=\"counters-2 content-section content-section-spacing\" style=\"background-color: #ffffff;\" data-label=\"Liczby\" data-id=\"counters--2\" data-export-id=\"counters-2\" data-category=\"counters\">\n<div  class=\"gridContainer\">\n<div  class=\"row text-center\">\n<div  class=\"section-title-col\" data-type=\"column\">\n<h2  class=\"\">WYBRANE LICZBY<\/h2>\n<\/div>\n<\/div>\n<div  class=\"row\" data-type=\"row\">\n<div  class=\"col-xs-12 col-sm-4 text-center space-bottom\"><i  class=\"fa icon color1 fa-university reverse round big\"><\/i>\n<p  class=\"\"><\/p>\n<p  class=\"\"><\/p>\n<p  class=\"\"><\/p>\n<p  class=\"\"><\/p>\n\n<h3  class=\"font-400\" style=\"display: inline-block;\" data-min=\"0\" data-max=\"20\" data-duration=\"2000\" data-prefix=\"\" data-suffix=\"+\" data-countup=\"true\"><\/h3>\n<h5  class=\"upper color2\">LAT ZDOBYWANIA WIEDZY O PSACH I KOTACH<\/h5>\n<\/div>\n<div  class=\"col-xs-12 col-sm-4 text-center space-bottom\"><i  class=\"fa icon color1 fa-smile-o reverse round big\"><\/i>\n<p  class=\"\"><\/p>\n<p  class=\"\"><\/p>\n<p  class=\"\"><\/p>\n<p  class=\"\"><\/p>\n\n<h3  class=\"font-400\" style=\"display: inline-block;\" data-min=\"0\" data-max=\"100\" data-duration=\"2000\" data-prefix=\"\" data-suffix=\"+\" data-countup=\"true\"><\/h3>\n<h5  class=\"upper color2\">DZIESI\u0104TKI ZADOWOLONYCH W\u0141A\u015aCICIELI<\/h5>\n<\/div>\n<div  class=\"col-xs-12 col-sm-4 text-center space-bottom\"><i  class=\"fa icon color1 fa-paw reverse round big\"><\/i>\n<p  class=\"\"><\/p>\n<p  class=\"\"><\/p>\n<p  class=\"\"><\/p>\n<p  class=\"\"><\/p>\n\n<h3  class=\"font-400\" style=\"display: inline-block;\" data-min=\"0\" data-max=\"30\" data-duration=\"2000\" data-prefix=\"\" data-suffix=\"+\" data-countup=\"true\"><\/h3>\n<h5  class=\"upper color2\">WYCHOWANYCH PS\u00d3W<\/h5>\n<\/div>\n<\/div>\n<\/div>\n<\/div><div  id=\"about-1\" class=\"about-9 content-section content-section-spacing\" style=\"background-color: #f5fafd;\" data-label=\"About\" data-id=\"about--2\" data-export-id=\"about-9\" data-category=\"about\">\n<div  class=\"gridContainer\">\n<div  class=\"row middle-sm text-center\">\n<div  class=\"col-sm-5 space-bottom-xs content-column content-right-sm\" data-type=\"column\">\n<h5  class=\"\">ZINDYWIDUALIZOWANA DIETA DLA PSA LUB KOTA<\/h5>\n<h2  class=\"\">Pomog\u0119 Ci zdrowo \u017cywi\u0107 psa lub kota<\/h2>\n<p  class=\"\">Zdobycie wiedzy zajmuje czas. Czytanie skomplikowanych etykiet karm, eksperymentowanie z nowymi karmami, szukanie porad w internecie, przeliczanie, setki karm, posi\u0142ki gotowane\u2026 co robi\u0107??? Jak podj\u0105\u0107 odpowiedni\u0105 decyzj\u0119 nt. \u017cywienia psa i kota?<\/p>\n<p  class=\"\">Pomog\u0119 Ci i sw\u00f3j czas po\u015bwi\u0119cisz psu lub kotu a nie na szukaniu informacji<\/p>\n<p  class=\"\"><a class=\"button blue\" href=\"https:\/\/bozenawroblewska.pl\/index.php\/kontakt\" target=\"_blank\" rel=\"noopener\" data-cp-link=\"1\">UM\u00d3W SI\u0118 Z PSIM \/ KOCIM DIETETYKIEM<\/a><\/p>\n\n<\/div>\n<div  class=\"col-sm-7 flexbox flexbox middle-xs center-xs space-bottom-xs\">\n<div  class=\"overlay-box flexbox middle-xs center-xs overlay-holder \">\n<div  class=\"overlay-box-offset offset-background shadow-medium bg-color2 hide-xs\"><\/div>\n<img  decoding=\"async\" class=\"flexbox shadow-large img1\" title=\"cropped-KOT-PIES-1-1.jpg\" src=\"https:\/\/bozenawroblewska.pl\/wp-content\/uploads\/2021\/05\/cropped-KOT-PIES-1-1.jpg\" alt=\"\" data-size=\"600x400\">\n\n<\/div>\n<\/div>\n<\/div>\n<\/div>\n<\/div><div  id=\"korzysci\" class=\"features-12 content-section content-section-spacing \" style=\"background-color: #f5fafd;\" data-label=\"Korzysci\" data-id=\"features--1\" data-export-id=\"features-12\" data-category=\"features\">\n<div  class=\"gridContainer\">\n<div  class=\"row text-center\">\n<div  class=\"section-title-col\" data-type=\"column\">\n<h2  class=\"\">Dlaczego warto skorzysta\u0107 z mojej oferty dietetyka zwierz\u0119cego?<\/h2>\n<p  class=\"lead\">Zajmuj\u0119 si\u0119 psami od 20 lat. Czytam wiele for\u00f3w, znam wielu lekarzy weterynarii. Na bie\u017c\u0105co aktualizuj\u0119 moj\u0105 wiedz\u0119. Ka\u017cdy z nas staje przed wyborami i decyzjami, jak karmi\u0107 psa czy kota, ale \u0142atwiej podj\u0105\u0107 decyzj\u0119, gdy ma si\u0119 du\u017ce do\u015bwiadczenie i \u015bwiadomo\u015b\u0107 dost\u0119pnych opcji.<\/p>\n\n<\/div>\n<\/div>\n<div  class=\"row spaced-cols\" data-type=\"row\">\n<div  class=\"col-sm-6\">\n<div  class=\"row space-bottom\">\n<div  class=\"col-sm-fit icon-column\"><\/div>\n<div  class=\"col-sm\" data-type=\"column\">\n<h5  class=\"color2\">DO\u015aWIADCZENIE<\/h5>\n<p  class=\"\">Oferuj\u0119 skorzystanie z mojego do\u015bwiadczenia wynikaj\u0105cego z do\u015bwiadcze\u0144 hodowcy, jak r\u00f3wnie\u017c praktyka doradzaj\u0105cego wielu posiadaczom ps\u00f3w i kot\u00f3w. Psi lub koci dietetyk to rozwi\u0105zanie dla Ciebie.<\/p>\n\n<\/div>\n<\/div>\n<\/div>\n<div  class=\"col-sm-6\">\n<div  class=\"row space-bottom\">\n<div  class=\"col-sm-fit icon-column\"><\/div>\n<div  class=\"col-sm\" data-type=\"column\">\n<h5  class=\"color2\">DOPASOWANIE DO TWOICH POTRZEB<\/h5>\n<p  class=\"\">Propozycj\u0119 dopasowuj\u0119 do potrzeb w\u0142a\u015bciciela i psa lub kota. Dieta&nbsp; psa lub kota powinna by\u0107 dopasowana do potrzeb zwierzaka, jak r\u00f3wnie\u017c naszego trybu \u017cycia.<\/p>\n\n<\/div>\n<\/div>\n<\/div>\n<div  class=\"col-sm-6\">\n<div  class=\"row space-bottom\">\n<div  class=\"col-sm-fit icon-column\"><\/div>\n<div  class=\"col-sm\" data-type=\"column\">\n<h5  class=\"color2\">DOK\u0141ADNE INSTRUKCJE I POMOC<\/h5>\n<p  class=\"\">Nie otrzymujesz tylko porady w formie rozmowy, tworz\u0119 dla Ciebie materia\u0142 po konsultacji, aby\u015b m\u00f3g\u0142\/mog\u0142a korzysta\u0107 z nich na co dzie\u0144. Wszystko w jasnej, przejrzystej formie! Na temat \u2013 dopasowany do Twoich potrzeb.<\/p>\n\n<\/div>\n<\/div>\n<\/div>\n<div  class=\"col-sm-6\">\n<div  class=\"row space-bottom\">\n<div  class=\"col-sm-fit icon-column\"><\/div>\n<div  class=\"col-sm\" data-type=\"column\">\n<h5  class=\"color2\">RABATY<\/h5>\n<p  class=\"\">Sta\u0142ym Klientom oferuj\u0119 rabaty na us\u0142ugi, jak r\u00f3wnie\u017c na zakupy w sklepie www.mylovelydog.pl Skorzystaj z us\u0142ug dietetyka zwierz\u0119cego, porady, czy i jakiego bra\u0107 psa, czy innej porady wychowawczej.<\/p>\n\n<\/div>\n<\/div>\n<\/div>\n<\/div>\n<\/div>\n<\/div><div  id=\"portfolio-1\" class=\"portfolio-5 content-section content-section-spacing\" style=\"background-color: #f5fafd;\" data-label=\"Portfolio\" data-id=\"portfolio--1\" data-export-id=\"portfolio-5\" data-category=\"portfolio\">\n<div  class=\"gridContainer\">\n<div  class=\"row text-center\">\n<div  class=\"section-title-col\" data-type=\"column\">\n<h2  class=\"\">Referencje<\/h2>\n<p  class=\"lead\">Wybrane przypadki konsultacji realizowanych dla Klient\u00f3w<\/p>\n\n<\/div>\n<\/div>\n<div  class=\"row space-bottom spaced-cols\" data-type=\"row\">\n<div  class=\"col-xs-12 col-sm-4 text-center\">\n<div  class=\"card no-padding bordered\">\n<div  class=\"contentswap-effect\" data-hover-fx=\"portfolio-6\">\n<figure ><img  decoding=\"async\" src=\"https:\/\/bozenawroblewska.pl\/wp-content\/uploads\/2021\/05\/cropped-cropped-tapir-scaled-e1622368117397.jpg\" data-size=\"500x333\"><\/figure>\n<div  class=\"initial-image\"><\/div>\n<div  class=\"overlay bg-color6\"><\/div>\n<div  class=\"swap-inner col-xs-12\">\n<div  class=\"row full-height-row middle-xs middle-sm\">\n<div  class=\"col-xs-12 text-center content-holder\"><a class=\"button small color2\" href=\"https:\/\/bozenawroblewska.pl\/index.php\/kontakt\" target=\"_blank\" rel=\"noopener\" data-cp-link=\"1\">Zam\u00f3w konsultacj\u0119<\/a><\/div>\n<\/div>\n<\/div>\n<\/div>\n<div  class=\"col-xs-12\">\n<div  class=\"space-bottom space-top\" data-type=\"column\">\n<h5  class=\"\">Pies rasy pudel toy<\/h5>\n<p  class=\"small italic\">Przygotowanie propozycji zbilansowanej diety opartej na posi\u0142kach gotowanych i odpowiedniej suplementacji.<\/p>\n\n<\/div>\n<\/div>\n<\/div>\n<\/div>\n<div  class=\"col-xs-12 col-sm-4 text-center\">\n<div  class=\"card no-padding bordered\">\n<div  class=\"contentswap-effect\" data-hover-fx=\"portfolio-6\">\n<figure ><img  decoding=\"async\" src=\"https:\/\/bozenawroblewska.pl\/wp-content\/uploads\/2021\/05\/cropped-cropped-piekna-scaled-e1622368879786.jpg\" data-size=\"500x333\"><\/figure>\n<div  class=\"initial-image\"><\/div>\n<div  class=\"overlay bg-color6\"><\/div>\n<div  class=\"swap-inner col-xs-12\">\n<div  class=\"row full-height-row middle-xs middle-sm\">\n<div  class=\"col-xs-12 text-center content-holder\"><a class=\"button small color2\" href=\"https:\/\/bozenawroblewska.pl\/index.php\/kontakt\" target=\"_blank\" rel=\"noopener\" data-cp-link=\"1\">Zam\u00f3w konsultacj\u0119<\/a><\/div>\n<\/div>\n<\/div>\n<\/div>\n<div  class=\"col-xs-12\">\n<div  class=\"space-bottom space-top\" data-type=\"column\">\n<h5  class=\"\">Szczeniak du\u017cej rasy<\/h5>\n<p  class=\"small italic\">U\u0142o\u017cenie i modyfikacja diety dla szczeniaka du\u017cej rasy. Monitoring prawid\u0142owego wzrostu przez&nbsp; ca\u0142y okres szczeni\u0119ctwa.<\/p>\n\n<\/div>\n<\/div>\n<\/div>\n<\/div>\n<div  class=\"col-xs-12 col-sm-4 text-center\">\n<div  class=\"card no-padding bordered\">\n<div  class=\"contentswap-effect\" data-hover-fx=\"portfolio-6\">\n<figure ><img  decoding=\"async\" src=\"https:\/\/bozenawroblewska.pl\/wp-content\/uploads\/2021\/05\/cropped-kot-.jpg\" data-size=\"500x333\"><\/figure>\n<div  class=\"initial-image\"><\/div>\n<div  class=\"overlay bg-color6\"><\/div>\n<div  class=\"swap-inner col-xs-12\">\n<div  class=\"row full-height-row middle-xs middle-sm\">\n<div  class=\"col-xs-12 text-center content-holder\"><a class=\"button small color2\" href=\"https:\/\/bozenawroblewska.pl\/index.php\/kontakt\" target=\"_blank\" rel=\"noopener\" data-cp-link=\"1\">Zam\u00f3w konsultacj\u0119<\/a><\/div>\n<\/div>\n<\/div>\n<\/div>\n<div  class=\"col-xs-12\">\n<div  class=\"space-bottom space-top\" data-type=\"column\">\n<h5  class=\"\">Kot z nadwag\u0105<\/h5>\n<p  class=\"small italic\">U\u0142o\u017cenie diety dla kota z nadwag\u0105, dob\u00f3r karmy i pomoc w osi\u0105gni\u0119ciu prawid\u0142owej wagi i zachowa\u0144.<\/p>\n\n<\/div>\n<\/div>\n<\/div>\n<\/div>\n<\/div>\n<div  class=\"row\">\n<div  class=\"col-xs-12 text-center\" data-type=\"column\"><\/div>\n<\/div>\n<\/div>\n<\/div><div  id=\"kontakt\" class=\"contact-1 content-section content-section-spacing white-text\" style=\"background-image: url('https:\/\/bozenawroblewska.pl\/wp-content\/uploads\/2021\/05\/cropped-KOT-PIES.jpg'); background-size: cover; background-position: center top;\" data-label=\"Kontakt\" data-id=\"contact-1\" data-export-id=\"contact-1\" data-category=\"contact\" data-parallax-depth=\"20\">\n<div  class=\"gridContainer\">\n<div  class=\"row text-center\">\n<div  class=\"section-title-col\" data-type=\"column\">\n<h2  class=\"\">SKONTAKTUJ SI\u0118<\/h2>\n<p  class=\"lead\">Szukasz kompleksowej porady \u017cywieniowej dla psa i kota? Chcesz jasnych instukcji i przeprowadzenia Ci\u0119 z zmianie\/wprowadzeniu nowo\u015bci? Napisz i um\u00f3w si\u0119:<\/p>\n<p  class=\"\"><a class=\"link\" href=\"tel:797332150\" target=\"_blank\" rel=\"noopener\" data-cp-link=\"1\">ZADZWO\u0143<\/a><\/p>\n\n<h6  class=\"\">lub wype\u0142nij formularz \u2013 oddzwoni\u0119:<\/h6>\n<\/div>\n<\/div>\n<div  class=\"row text-center\">\n<div  class=\"col-xs-12 col-sm-8 col-sm-offset-2 contact-form-wrapper inline-info\">\n<div  class=\"card large-padding\">\n<div  class=\"\" data-content-shortcode=\"mesmerize_contact_form shortcode=&quot;wpforms id=&amp;amp;quot;140&amp;amp;quot;&quot;\" data-editable=\"true\"><div class=\"wpforms-container wpforms-container-full\" id=\"wpforms-140\"><form id=\"wpforms-form-140\" class=\"wpforms-validate wpforms-form\" data-formid=\"140\" method=\"post\" enctype=\"multipart\/form-data\" action=\"\/index.php\/wp-json\/wp\/v2\/pages\/188\" data-token=\"80ec147d65a23cc0b50bd8313d7cc181\"><noscript class=\"wpforms-error-noscript\">Aby wype\u0142ni\u0107 ten formularz, w\u0142\u0105cz obs\u0142ug\u0119 JavaScript w przegl\u0105darce.<\/noscript><div class=\"wpforms-field-container\"><div id=\"wpforms-140-field_0-container\" class=\"wpforms-field wpforms-field-name\" data-field-id=\"0\"><label class=\"wpforms-field-label\" for=\"wpforms-140-field_0\">Imi\u0119 i nazwisko <span class=\"wpforms-required-label\">*<\/span><\/label><input type=\"text\" id=\"wpforms-140-field_0\" class=\"wpforms-field-medium wpforms-field-required\" name=\"wpforms[fields][0]\" required><\/div><div id=\"wpforms-140-field_3-container\" class=\"wpforms-field wpforms-field-number\" data-field-id=\"3\"><label class=\"wpforms-field-label\" for=\"wpforms-140-field_3\">Telefon <span class=\"wpforms-required-label\">*<\/span><\/label><input type=\"number\" pattern=\"\\d*\" id=\"wpforms-140-field_3\" class=\"wpforms-field-medium wpforms-field-required\" name=\"wpforms[fields][3]\" required><\/div><div id=\"wpforms-140-field_1-container\" class=\"wpforms-field wpforms-field-email\" data-field-id=\"1\"><label class=\"wpforms-field-label\" for=\"wpforms-140-field_1\">Email <span class=\"wpforms-required-label\">*<\/span><\/label><input type=\"email\" id=\"wpforms-140-field_1\" class=\"wpforms-field-medium wpforms-field-required\" name=\"wpforms[fields][1]\" spellcheck=\"false\" required><\/div><div id=\"wpforms-140-field_2-container\" class=\"wpforms-field wpforms-field-textarea\" data-field-id=\"2\"><label class=\"wpforms-field-label\" for=\"wpforms-140-field_2\">Wpisz wiadomo\u015b\u0107 <span class=\"wpforms-required-label\">*<\/span><\/label><textarea id=\"wpforms-140-field_2\" class=\"wpforms-field-medium wpforms-field-required\" name=\"wpforms[fields][2]\" required><\/textarea><\/div><\/div><!-- .wpforms-field-container --><div class=\"wpforms-submit-container\" ><input type=\"hidden\" name=\"wpforms[id]\" value=\"140\"><input type=\"hidden\" name=\"wpforms[author]\" value=\"1\"><button type=\"submit\" name=\"wpforms[submit]\" id=\"wpforms-submit-140\" class=\"wpforms-submit\" data-alt-text=\"Wysy\u0142am...\" data-submit-text=\"Wy\u015blij\" aria-live=\"assertive\" value=\"wpforms-submit\">Wy\u015blij<\/button><\/div><\/form><\/div>  <!-- .wpforms-container --><\/div>\n<\/div>\n<\/div>\n<\/div>\n<\/div>\n<\/div>","protected":false},"excerpt":{"rendered":"<p>WYBRANE LICZBY LAT ZDOBYWANIA WIEDZY O PSACH I KOTACH DZIESI\u0104TKI ZADOWOLONYCH W\u0141A\u015aCICIELI WYCHOWANYCH PS\u00d3W ZINDYWIDUALIZOWANA DIETA DLA PSA LUB KOTA Pomog\u0119 Ci zdrowo \u017cywi\u0107 psa lub kota Zdobycie wiedzy zajmuje czas. Czytanie skomplikowanych etykiet karm, eksperymentowanie z nowymi karmami, szukanie porad w internecie, przeliczanie, setki karm, posi\u0142ki gotowane\u2026 co robi\u0107??? Jak podj\u0105\u0107 odpowiedni\u0105 decyzj\u0119 nt.&hellip; <br \/> <a class=\"read-more\" href=\"https:\/\/bozenawroblewska.pl\/\">Czytaj dalej<\/a><\/p>\n","protected":false},"author":1,"featured_media":0,"parent":0,"menu_order":0,"comment_status":"closed","ping_status":"closed","template":"page-templates\/homepage.php","meta":{"_seopress_robots_primary_cat":"","_seopress_titles_title":"","_seopress_titles_desc":"","_seopress_robots_index":"","footnotes":""},"_links":{"self":[{"href":"https:\/\/bozenawroblewska.pl\/index.php\/wp-json\/wp\/v2\/pages\/188"}],"collection":[{"href":"https:\/\/bozenawroblewska.pl\/index.php\/wp-json\/wp\/v2\/pages"}],"about":[{"href":"https:\/\/bozenawroblewska.pl\/index.php\/wp-json\/wp\/v2\/types\/page"}],"author":[{"embeddable":true,"href":"https:\/\/bozenawroblewska.pl\/index.php\/wp-json\/wp\/v2\/users\/1"}],"replies":[{"embeddable":true,"href":"https:\/\/bozenawroblewska.pl\/index.php\/wp-json\/wp\/v2\/comments?post=188"}],"version-history":[{"count":46,"href":"https:\/\/bozenawroblewska.pl\/index.php\/wp-json\/wp\/v2\/pages\/188\/revisions"}],"predecessor-version":[{"id":835,"href":"https:\/\/bozenawroblewska.pl\/index.php\/wp-json\/wp\/v2\/pages\/188\/revisions\/835"}],"wp:attachment":[{"href":"https:\/\/bozenawroblewska.pl\/index.php\/wp-json\/wp\/v2\/media?parent=188"}],"curies":[{"name":"wp","href":"https:\/\/api.w.org\/{rel}","templated":true}]}}