{"id":9,"date":"2019-12-24T12:17:07","date_gmt":"2019-12-24T11:17:07","guid":{"rendered":"http:\/\/bozenawroblewska.pl\/?page_id=9"},"modified":"2025-03-15T14:58:07","modified_gmt":"2025-03-15T13:58:07","slug":"kontakt-dietetyk-zwierzecy","status":"publish","type":"page","link":"https:\/\/bozenawroblewska.pl\/index.php\/kontakt-dietetyk-zwierzecy\/","title":{"rendered":"Kontakt"},"content":{"rendered":"<div  id=\"about-1\" class=\"about-9 content-section content-section-spacing\" style=\"background-color: #ffffff;\" data-label=\"About\" data-id=\"about--1\" data-export-id=\"about-9\" data-category=\"about\">\n<div  class=\"gridContainer\">\n<div  class=\"row middle-sm text-center\">\n<div  class=\"col-sm-5 space-bottom-xs content-column content-right-sm\" data-type=\"column\">\n<h5  class=\"\">O MNIE<\/h5>\n<h2  class=\"\">Psi dietetyk, koci dietetyk, specjalista \u017cywienia ps\u00f3w i kot\u00f3w, psycholog ludzi i zwierz\u0105t<\/h2>\n<p  class=\"\">Skontaktuj si\u0119 ze mn\u0105, je\u015bli potrzebujesz kr\u00f3tszej lub d\u0142u\u017cszej porady \u017cywieniowej lub zoopsychologa?.<\/p>\nProwadz\u0119 szkolenia i prezentacje dla firm.\n\nPrzygotowuj\u0119 receptury dla Twojej firmy na posi\u0142ki i przysmaki dla ps\u00f3w i kot\u00f3w.\n\nJeste\u015bmy dost\u0119pni pod telefonem w dni powszednie od 9 do 18. W pozosta\u0142ych terminach napisz e-mail lub wype\u0142nij formularz kontaktowy. Odpowiemy tak szybko, jak to b\u0119dzie mo\u017cliwe.\n\n<a class=\"button color1\" href=\"#\" target=\"_self\" rel=\"noopener\" data-cp-link=\"1\" data-icon=\"\">SKONTAKTUJ SI\u0118<\/a>\n\n<\/div>\n<div  class=\"col-sm-7 flexbox flexbox middle-xs center-xs space-bottom-xs\">\n<div  class=\"overlay-box flexbox middle-xs center-xs overlay-holder \">\n<div  class=\"overlay-box-offset offset-background shadow-medium bg-color2 hide-xs\"><\/div>\n<img  decoding=\"async\" class=\"flexbox shadow-large img1\" title=\"cropped-bozena-1.png\" src=\"https:\/\/bozenawroblewska.pl\/wp-content\/uploads\/2024\/03\/cropped-bozena-1.png\" alt=\"\" data-size=\"600x400\">\n\n<\/div>\n<\/div>\n<\/div>\n<\/div>\n<\/div><div data-label=\"Cta\" data-id=\"cta--2\" data-export-id=\"cta-blue-section\" data-category=\"cta\" class=\"cta-blue-section content-section content-section-spacing-medium bg-color1 white-text\" id=\"cta-2\" ><div class=\"gridContainer\" > <div class=\"row middle-xs\" ><div class=\"col-sm-8 space-bottom-xs\" data-type=\"column\" > <h2 class=\"\"  gw-active=\"true\">Po wykupieniu us\u0142ugi w sklepie zarezerwuj wizyt\u0119&nbsp;<\/h2> <a class=\"link\" href=\"https:\/\/bozenawroblewska.pl\/index.php\/rezerwacja-terminu\" target=\"_blank\" data-cp-link=\"1\" rel=\"noopener\">REZERWACJA TERMINU<\/a><\/div> <div class=\"col-sm-4 end-sm\" data-type=\"column\" > <a class=\"button color2\" href=\"https:\/\/bozenawroblewska.pl\/index.php\/rezerwacja-terminu\" target=\"_self\" data-cp-link=\"1\" data-icon=\"\" rel=\"noopener\">REZERWUJ\u0118<\/a><\/div> <\/div><\/div> <\/div><div  id=\"contact-1\" class=\"contact-1 content-section content-section-spacing white-text\" style=\"background-color: #f5fafd;\" data-label=\"Contact\" data-id=\"contact--1\" data-export-id=\"contact-1\" data-category=\"contact\" data-parallax-depth=\"20\">\n<div  class=\"gridContainer\">\n<div  class=\"row text-center\">\n<div  class=\"section-title-col\" data-type=\"column\">\n<h2  class=\"\">Skontaktuj si\u0119 przez formularz kontaktowy:<\/h2>\n<p  class=\"lead\">Wolisz napisa\u0107 wiadomo\u015b\u0107? U\u017cyj poni\u017cszego formularza.<\/p>\n\n<\/div>\n<\/div>\n<div  class=\"row text-center\">\n<div  class=\"col-xs-12 col-sm-8 col-sm-offset-2 contact-form-wrapper inline-info\">\n<div  class=\"card large-padding\">\n<div  class=\"\" data-content-shortcode=\"mesmerize_contact_form shortcode=&quot;wpforms id=&amp;amp;quot;140&amp;amp;quot;&quot;\" data-editable=\"true\"><div class=\"wpforms-container wpforms-container-full\" id=\"wpforms-140\"><form id=\"wpforms-form-140\" class=\"wpforms-validate wpforms-form\" data-formid=\"140\" method=\"post\" enctype=\"multipart\/form-data\" action=\"\/index.php\/wp-json\/wp\/v2\/pages\/9\" data-token=\"80ec147d65a23cc0b50bd8313d7cc181\"><noscript class=\"wpforms-error-noscript\">Aby wype\u0142ni\u0107 ten formularz, w\u0142\u0105cz obs\u0142ug\u0119 JavaScript w przegl\u0105darce.<\/noscript><div class=\"wpforms-field-container\"><div id=\"wpforms-140-field_0-container\" class=\"wpforms-field wpforms-field-name\" data-field-id=\"0\"><label class=\"wpforms-field-label\" for=\"wpforms-140-field_0\">Imi\u0119 i nazwisko <span class=\"wpforms-required-label\">*<\/span><\/label><input type=\"text\" id=\"wpforms-140-field_0\" class=\"wpforms-field-medium wpforms-field-required\" name=\"wpforms[fields][0]\" required><\/div><div id=\"wpforms-140-field_3-container\" class=\"wpforms-field wpforms-field-number\" data-field-id=\"3\"><label class=\"wpforms-field-label\" for=\"wpforms-140-field_3\">Telefon <span class=\"wpforms-required-label\">*<\/span><\/label><input type=\"number\" pattern=\"\\d*\" id=\"wpforms-140-field_3\" class=\"wpforms-field-medium wpforms-field-required\" name=\"wpforms[fields][3]\" required><\/div><div id=\"wpforms-140-field_1-container\" class=\"wpforms-field wpforms-field-email\" data-field-id=\"1\"><label class=\"wpforms-field-label\" for=\"wpforms-140-field_1\">Email <span class=\"wpforms-required-label\">*<\/span><\/label><input type=\"email\" id=\"wpforms-140-field_1\" class=\"wpforms-field-medium wpforms-field-required\" name=\"wpforms[fields][1]\" spellcheck=\"false\" required><\/div><div id=\"wpforms-140-field_2-container\" class=\"wpforms-field wpforms-field-textarea\" data-field-id=\"2\"><label class=\"wpforms-field-label\" for=\"wpforms-140-field_2\">Wpisz wiadomo\u015b\u0107 <span class=\"wpforms-required-label\">*<\/span><\/label><textarea id=\"wpforms-140-field_2\" class=\"wpforms-field-medium wpforms-field-required\" name=\"wpforms[fields][2]\" required><\/textarea><\/div><\/div><!-- .wpforms-field-container --><div class=\"wpforms-submit-container\" ><input type=\"hidden\" name=\"wpforms[id]\" value=\"140\"><input type=\"hidden\" name=\"wpforms[author]\" value=\"1\"><button type=\"submit\" name=\"wpforms[submit]\" id=\"wpforms-submit-140\" class=\"wpforms-submit\" data-alt-text=\"Wysy\u0142am...\" data-submit-text=\"Wy\u015blij\" aria-live=\"assertive\" value=\"wpforms-submit\">Wy\u015blij<\/button><\/div><\/form><\/div>  <!-- .wpforms-container --><\/div>\n<\/div>\n<\/div>\n<\/div>\n<\/div>\n<\/div><div  id=\"cta-1\" class=\"cta-blue-section content-section content-section-spacing-medium bg-color1 white-text\" data-label=\"Cta\" data-id=\"cta--1\" data-export-id=\"cta-blue-section\" data-category=\"cta\">\n<div  class=\"gridContainer\">\n<div  class=\"row middle-xs\">\n<div  class=\"col-sm-8 space-bottom-xs\" data-type=\"column\">\n<h2  class=\"\">Zadzwo\u0144 797 332 150 lub napisz kontakt@bozenawroblewska.pl<\/h2>\n<\/div>\n<div  class=\"col-sm-4 end-sm\" data-type=\"column\"><a class=\"button color2\" href=\"#\" target=\"_self\" rel=\"noopener\" data-cp-link=\"1\" data-icon=\"\">NIE CZEKAJ! ZR\u00d3B TO TERAZ!<\/a><\/div>\n<\/div>\n<\/div>\n<\/div><div  data-label=\"Contact\" data-id=\"contact--2\" data-export-id=\"contact-3\" data-category=\"contact\" class=\"contact-3 content-section content-section-spacing\" id=\"contact-2\" style=\"background-color: rgb(255, 255, 255); background-image: url(&quot;https:\/\/bozenawroblewska.pl\/wp-content\/uploads\/2024\/04\/cropped-pexels-eva-bronzini-5741139.jpg&quot;); background-size: cover; background-position: center top;\"><div  class=\"gridContainer\"> <div  class=\"row\"><div  class=\"col-xs-12 col-sm-6 col-sm-offset-6 col-md-5 col-md-offset-7 text-center\"> <div  data-type=\"column\" class=\"card large-padding\"><h2  class=\"font-300\">Dane firmy:<\/h2> <h4  class=\"font-300\">Smart Solution Bo\u017cena Wr\u00f3blewska<\/h4> <p  class=\"\">ul. Topiel 29&nbsp;\n<br >00-342 Warszawa\n<br >NIP 661 128 07 24&nbsp;<\/p>   <\/div> <\/div><\/div> <\/div><\/div>","protected":false},"excerpt":{"rendered":"<p>O MNIE Psi dietetyk, koci dietetyk, specjalista \u017cywienia ps\u00f3w i kot\u00f3w, psycholog ludzi i zwierz\u0105t Skontaktuj si\u0119 ze mn\u0105, je\u015bli potrzebujesz kr\u00f3tszej lub d\u0142u\u017cszej porady \u017cywieniowej lub zoopsychologa?. Prowadz\u0119 szkolenia i prezentacje dla firm. Przygotowuj\u0119 receptury dla Twojej firmy na posi\u0142ki i przysmaki dla ps\u00f3w i kot\u00f3w. Jeste\u015bmy dost\u0119pni pod telefonem w dni powszednie od&hellip; <br \/> <a class=\"read-more\" href=\"https:\/\/bozenawroblewska.pl\/index.php\/kontakt-dietetyk-zwierzecy\/\">Czytaj dalej<\/a><\/p>\n","protected":false},"author":1,"featured_media":0,"parent":0,"menu_order":0,"comment_status":"closed","ping_status":"closed","template":"pro\/page-templates\/full-width-page.php","meta":{"_seopress_robots_primary_cat":"","_seopress_titles_title":"kontakt do dietetyka zwierz\u0119cego","_seopress_titles_desc":"Psi dietetyk koci dietetyk 797 332 150","_seopress_robots_index":"","footnotes":""},"_links":{"self":[{"href":"https:\/\/bozenawroblewska.pl\/index.php\/wp-json\/wp\/v2\/pages\/9"}],"collection":[{"href":"https:\/\/bozenawroblewska.pl\/index.php\/wp-json\/wp\/v2\/pages"}],"about":[{"href":"https:\/\/bozenawroblewska.pl\/index.php\/wp-json\/wp\/v2\/types\/page"}],"author":[{"embeddable":true,"href":"https:\/\/bozenawroblewska.pl\/index.php\/wp-json\/wp\/v2\/users\/1"}],"replies":[{"embeddable":true,"href":"https:\/\/bozenawroblewska.pl\/index.php\/wp-json\/wp\/v2\/comments?post=9"}],"version-history":[{"count":22,"href":"https:\/\/bozenawroblewska.pl\/index.php\/wp-json\/wp\/v2\/pages\/9\/revisions"}],"predecessor-version":[{"id":1036,"href":"https:\/\/bozenawroblewska.pl\/index.php\/wp-json\/wp\/v2\/pages\/9\/revisions\/1036"}],"wp:attachment":[{"href":"https:\/\/bozenawroblewska.pl\/index.php\/wp-json\/wp\/v2\/media?parent=9"}],"curies":[{"name":"wp","href":"https:\/\/api.w.org\/{rel}","templated":true}]}}