{"id":764,"date":"2024-04-29T09:23:55","date_gmt":"2024-04-29T07:23:55","guid":{"rendered":"https:\/\/bozenawroblewska.pl\/?post_type=product&#038;p=764"},"modified":"2024-04-29T09:23:55","modified_gmt":"2024-04-29T07:23:55","slug":"konsultacja-telefoniczna-dietetyka-zwierzecego-dla-psa-lub-kota-20-minut-rozmowy","status":"publish","type":"product","link":"https:\/\/bozenawroblewska.pl\/index.php\/produkt\/konsultacja-telefoniczna-dietetyka-zwierzecego-dla-psa-lub-kota-20-minut-rozmowy\/","title":{"rendered":"Konsultacja telefoniczna dietetyka zwierz\u0119cego dla psa lub kota &#8211; 20 minut rozmowy"},"content":{"rendered":"<h1>Konsultacja telefoniczna \u017cywienia psa lub kota z dietetykiem zwierz\u0119cym<\/h1>\n<p><strong>20- minutowa konsultacja \u017cywieniowa<\/strong> \u2013 rozmowa telefoniczna nt. problem\u00f3w \u017cywieniowych zwierz\u0119cia, w\u0105tpliwo\u015bci w\u0142a\u015bciciela. Ma charakter lu\u017anej rozmowy nt. \u017cywienia psa lub kota.\u00a0 Nie zawiera dobrania diety dla psa.<\/p>\n<p>Odpowiednia<strong> dla psa i kota w ka\u017cdym wieku: seniora, szczeni\u0119cia\/ koci\u0119cia, psa i kota doros\u0142ego, z nadwag\u0105, z chorobami przewodu pokarmowego (w tym w\u0105troby i trzustki), nerek,\u00a0 nadwag\u0105\/oty\u0142o\u015bci\u0105, alergiami czy nietolerancjami pokarmowymi.<\/strong><\/p>\n<p>Porada te\u017c przeznaczona jest dla os\u00f3b pragn\u0105cych zdrowo od\u017cywia\u0107 psa lub kota, posiadaj\u0105cych zdrowe zwierz\u0119ta.\u00a0 Psi \/ koci dietetyk pomo\u017ce w ustaleniu prawid\u0142owego \u017cywienia psa lub kota.<\/p>\n<p>Po zakupie us\u0142ugi klient otrzyma maila w informacj\u0105, jakie informacje dostarczy\u0107 przed konsultacj\u0105 i jakie zdj\u0119cia\/dodatkowe informacje za\u0142\u0105czy\u0107.<\/p>\n<p>Je\u015bli masz w\u0105tpliwo\u015bci, zadaj pytanie na: kontakt@bozenawroblewska.pl . Czytaj wi\u0119cej na stronie: <a href=\"http:\/\/bozenawroblewska.pl\" target=\"_blank\" rel=\"noopener\">bozenawroblewska.pl\u00a0<\/a><\/p>\n<p>Co zrobi\u0107:<\/p>\n<ol>\n<li>kup porad\u0119<\/li>\n<li>zap\u0142a\u0107 on-line p\u0142atno\u015b\u0107 natychmiastowa lub przelewem (musisz zap\u0142aci\u0107 najp\u00f3\u017aniej przed udzieleniem porady i przes\u0142aniem kwestionariusza)<\/li>\n<li>otrzymasz pro\u015bb\u0119 o dodatkowe informacje, wype\u0142nij jak najszybciej<\/li>\n<li>w ci\u0105gu 7 dni od przes\u0142ania materia\u0142\u00f3w otrzymasz propozycj\u0119 terminu rozmowy telefonicznej lub video<\/li>\n<li>przygotuj list\u0119 pyta\u0144 do zadania przed spotkaniem<\/li>\n<\/ol>\n<p><strong>Masz mo\u017cliwo\u015b\u0107 odst\u0105pienia od zakupu do czasu przes\u0142ania wype\u0142nionego kwestionariusza.\u00a0 Po spe\u0142nieniu \u015bwiadczenia Konsument traci prawo do odst\u0105pienia od umowy.<\/strong><\/p>\n<p>w\/w cena dotyczy 1 psa lub 1 kota.<\/p>\n","protected":false},"excerpt":{"rendered":"<p>Konsultacja telefoniczna \u017cywienia psa lub kota z dietetykiem zwierz\u0119cym 20- minutowa konsultacja \u017cywieniowa \u2013 rozmowa telefoniczna nt. problem\u00f3w \u017cywieniowych zwierz\u0119cia, w\u0105tpliwo\u015bci w\u0142a\u015bciciela. Ma charakter lu\u017anej rozmowy nt. \u017cywienia psa lub kota.\u00a0 Nie zawiera dobrania diety dla psa. Odpowiednia dla psa i kota w ka\u017cdym wieku: seniora, szczeni\u0119cia\/ koci\u0119cia, psa i kota doros\u0142ego, z nadwag\u0105, z&hellip; <br \/> <a class=\"read-more\" href=\"https:\/\/bozenawroblewska.pl\/index.php\/produkt\/konsultacja-telefoniczna-dietetyka-zwierzecego-dla-psa-lub-kota-20-minut-rozmowy\/\">Czytaj dalej<\/a><\/p>\n","protected":false},"featured_media":559,"template":"","meta":{"_seopress_robots_primary_cat":"","_seopress_titles_title":"","_seopress_titles_desc":"","_seopress_robots_index":""},"product_cat":[23],"product_tag":[],"_links":{"self":[{"href":"https:\/\/bozenawroblewska.pl\/index.php\/wp-json\/wp\/v2\/product\/764"}],"collection":[{"href":"https:\/\/bozenawroblewska.pl\/index.php\/wp-json\/wp\/v2\/product"}],"about":[{"href":"https:\/\/bozenawroblewska.pl\/index.php\/wp-json\/wp\/v2\/types\/product"}],"wp:featuredmedia":[{"embeddable":true,"href":"https:\/\/bozenawroblewska.pl\/index.php\/wp-json\/wp\/v2\/media\/559"}],"wp:attachment":[{"href":"https:\/\/bozenawroblewska.pl\/index.php\/wp-json\/wp\/v2\/media?parent=764"}],"wp:term":[{"taxonomy":"product_cat","embeddable":true,"href":"https:\/\/bozenawroblewska.pl\/index.php\/wp-json\/wp\/v2\/product_cat?post=764"},{"taxonomy":"product_tag","embeddable":true,"href":"https:\/\/bozenawroblewska.pl\/index.php\/wp-json\/wp\/v2\/product_tag?post=764"}],"curies":[{"name":"wp","href":"https:\/\/api.w.org\/{rel}","templated":true}]}}