{"id":956,"date":"2024-06-22T14:24:16","date_gmt":"2024-06-22T12:24:16","guid":{"rendered":"https:\/\/bozenawroblewska.pl\/?post_type=product&#038;p=956"},"modified":"2025-10-07T07:55:58","modified_gmt":"2025-10-07T05:55:58","slug":"konsultacja-behawioralna-on-line-45-minut","status":"publish","type":"product","link":"https:\/\/bozenawroblewska.pl\/index.php\/produkt\/konsultacja-behawioralna-on-line-45-minut\/","title":{"rendered":"Konsultacja behawioralna dla psa on-line 45 minut"},"content":{"rendered":"<h2>Z jakimi problemami mo\u017cesz si\u0119 zg\u0142asza\u0107 do psychologa- behawiorysty:<\/h2>\n<p>&#8211; wychowanie szczeniaka i problemy wyst\u0119puj\u0105ce w okresie wzrostu (np. zanieczyszczanie pomieszcze\u0144, gryzienie przedmiot\u00f3w),<\/p>\n<p>&#8211; zachowania l\u0119kowe \/ agresywne \u2013 w\u00f3wczas nale\u017cy za\u0142o\u017cy\u0107, i\u017c w wielu przypadkach problem b\u0119dzie wymaga\u0142 dalszej terapii<\/p>\n<p>&#8211; ci\u0105gni\u0119cie na smyczy<\/p>\n<p>&#8211; pomoc w wyborze psa i wprowadzeniu go do domu<\/p>\n<p>&#8211; socjalizacja i zabawa<\/p>\n<p>&#8211; adopcja psa ze schroniska.<\/p>\n<p>Czas trwania konsultacji telefonicznej\/on-line to ok. 45 minut.<\/p>\n<p><strong>Przed konsultacj\u0105 konieczne jest wype\u0142nienie i przes\u0142anie formularza konsultacji.\u00a0 W trakcie konsultacji zostan\u0105 om\u00f3wione tematy wskazane jako problematyczne. Behawiorysta r\u00f3wnie\u017c mo\u017ce zada\u0107 dodatkowe pytania.<\/strong><\/p>\n<p>Nie wszystkie problemy da si\u0119 rozwi\u0105za\u0107 on-line\/ telefonicznie. W\u00f3wczas specjalista doradzi, co mo\u017cna zrobi\u0107 przed konsultacj\u0105 stacjonarn\u0105, aby obecna sytuacja uleg\u0142a poprawie.<\/p>\n<p>&nbsp;<\/p>\n<p>Po konsultacji telefonicznej w ci\u0105gu 3 dni roboczych otrzymasz spisane zalecenia.<\/p>\n<p>Polecamy wykupienie innej us\u0142ugi:<\/p>\n<h3>Kompleksowa konsultacja psychodietetyczna ma wiele plus\u00f3w, kt\u00f3ry nie maj\u0105 standardowe konsultacje:<\/h3>\n<p>&#8211; kompleksowe podej\u015bcie do psa<\/p>\n<p>&#8211; wiele zachowa\u0144 wynika z b\u0142\u0119d\u00f3w \u017cywieniowych lub niew\u0142a\u015bciwego systemu nagr\u00f3d\/kar<\/p>\n<p>&nbsp;<\/p>\n<p>Zyskujesz porad\u0119 od Bo\u017ceny Wr\u00f3blewskiej, kt\u00f3ra jest hodowc\u0105 ras ma\u0142ych i du\u017cych (psy trudne w u\u0142o\u017ceniu, silne, dominuj\u0105ce), posiada stado 9 ps\u00f3w i no co dzie\u0144 rozwi\u0105zuje problemy pojawiaj\u0105ce si\u0119 w trakcie ich \u017cycia w domu. Wspiera\u0142a jako hodowca przysz\u0142ych opiekun\u00f3w w zakresie doboru, wychowania i \u017cywienia psa. To dyplomowany psycholog, certyfikowany zoopsycholog, behawiorysta, dietetyk zwierz\u0119cy.\u00a0 Jej porady s\u0105 oparte na wiedzy, ale te\u017c wieloletniej praktyce.<\/p>\n","protected":false},"excerpt":{"rendered":"<p>Z jakimi problemami mo\u017cesz si\u0119 zg\u0142asza\u0107 do psychologa- behawiorysty: &#8211; wychowanie szczeniaka i problemy wyst\u0119puj\u0105ce w okresie wzrostu (np. zanieczyszczanie pomieszcze\u0144, gryzienie przedmiot\u00f3w), &#8211; zachowania l\u0119kowe \/ agresywne \u2013 w\u00f3wczas nale\u017cy za\u0142o\u017cy\u0107, i\u017c w wielu przypadkach problem b\u0119dzie wymaga\u0142 dalszej terapii &#8211; ci\u0105gni\u0119cie na smyczy &#8211; pomoc w wyborze psa i wprowadzeniu go do domu&hellip; <br \/> <a class=\"read-more\" href=\"https:\/\/bozenawroblewska.pl\/index.php\/produkt\/konsultacja-behawioralna-on-line-45-minut\/\">Czytaj dalej<\/a><\/p>\n","protected":false},"featured_media":730,"template":"","meta":{"_seopress_robots_primary_cat":"","_seopress_titles_title":"","_seopress_titles_desc":"","_seopress_robots_index":""},"product_cat":[27],"product_tag":[],"_links":{"self":[{"href":"https:\/\/bozenawroblewska.pl\/index.php\/wp-json\/wp\/v2\/product\/956"}],"collection":[{"href":"https:\/\/bozenawroblewska.pl\/index.php\/wp-json\/wp\/v2\/product"}],"about":[{"href":"https:\/\/bozenawroblewska.pl\/index.php\/wp-json\/wp\/v2\/types\/product"}],"wp:featuredmedia":[{"embeddable":true,"href":"https:\/\/bozenawroblewska.pl\/index.php\/wp-json\/wp\/v2\/media\/730"}],"wp:attachment":[{"href":"https:\/\/bozenawroblewska.pl\/index.php\/wp-json\/wp\/v2\/media?parent=956"}],"wp:term":[{"taxonomy":"product_cat","embeddable":true,"href":"https:\/\/bozenawroblewska.pl\/index.php\/wp-json\/wp\/v2\/product_cat?post=956"},{"taxonomy":"product_tag","embeddable":true,"href":"https:\/\/bozenawroblewska.pl\/index.php\/wp-json\/wp\/v2\/product_tag?post=956"}],"curies":[{"name":"wp","href":"https:\/\/api.w.org\/{rel}","templated":true}]}}